{"id":4461,"date":"2024-12-10T21:35:26","date_gmt":"2024-12-10T21:35:26","guid":{"rendered":"https:\/\/cl4bio.web.ua.pt\/?page_id=4461"},"modified":"2025-08-28T17:36:57","modified_gmt":"2025-08-28T17:36:57","slug":"home-3","status":"publish","type":"page","link":"https:\/\/cl4bio.web.ua.pt\/","title":{"rendered":"Home"},"content":{"rendered":"\t\t<div data-elementor-type=\"wp-page\" data-elementor-id=\"4461\" class=\"elementor elementor-4461\">\n\t\t\t\t\t\t\t<div class=\"elementor-element elementor-element-6a7362d1 e-flex e-con-boxed e-con e-parent\" data-id=\"6a7362d1\" data-element_type=\"container\" data-settings=\"{&quot;content_width&quot;:&quot;boxed&quot;}\" data-core-v316-plus=\"true\">\n\t\t\t\t\t<div class=\"e-con-inner\">\n\t\t\t\t<div class=\"elementor-element elementor-element-2647b267 elementor-widget elementor-widget-text-editor\" data-id=\"2647b267\" data-element_type=\"widget\" data-widget_type=\"text-editor.default\">\n\t\t\t\t<div class=\"elementor-widget-container\">\n\t\t\t<style>\/*! elementor - v3.18.0 - 20-12-2023 *\/\n.elementor-widget-text-editor.elementor-drop-cap-view-stacked .elementor-drop-cap{background-color:#69727d;color:#fff}.elementor-widget-text-editor.elementor-drop-cap-view-framed .elementor-drop-cap{color:#69727d;border:3px solid;background-color:transparent}.elementor-widget-text-editor:not(.elementor-drop-cap-view-default) .elementor-drop-cap{margin-top:8px}.elementor-widget-text-editor:not(.elementor-drop-cap-view-default) .elementor-drop-cap-letter{width:1em;height:1em}.elementor-widget-text-editor .elementor-drop-cap{float:left;text-align:center;line-height:1;font-size:50px}.elementor-widget-text-editor .elementor-drop-cap-letter{display:inline-block}<\/style>\t\t\t\t<!-- wp:themeisle-blocks\/advanced-columns {\"id\":\"wp-block-themeisle-blocks-advanced-columns-65b4302f\",\"columns\":1,\"layout\":\"equal\",\"padding\":{\"top\":\"300px\",\"right\":\"300px\",\"bottom\":\"300px\",\"left\":\"300px\"},\"paddingTablet\":{},\"paddingMobile\":{\"top\":\"260px\",\"right\":\"260px\",\"bottom\":\"260px\",\"left\":\"260px\"},\"margin\":{},\"marginMobile\":{},\"horizontalAlign\":\"center\",\"verticalAlign\":\"center\",\"backgroundType\":\"image\",\"backgroundImage\":{\"id\":3595,\"url\":\"https:\/\/cl4bio.web.ua.pt\/wp-content\/uploads\/2024\/01\/06.png\"},\"backgroundPosition\":{\"x\":0.5,\"y\":0.45},\"backgroundRepeat\":\"no-repeat\",\"backgroundSize\":\"cover\",\"className\":\"\"} -->\n<div id=\"wp-block-themeisle-blocks-advanced-columns-65b4302f\" class=\"wp-block-themeisle-blocks-advanced-columns has-1-columns has-desktop-equal-layout has-tablet-equal-layout has-mobile-equal-layout has-vertical-center\"><div class=\"wp-block-themeisle-blocks-advanced-columns-overlay\"><\/div><div class=\"innerblocks-wrap\"><!-- wp:themeisle-blocks\/advanced-column {\"id\":\"wp-block-themeisle-blocks-advanced-column-521869e8\",\"columnWidth\":\"100\",\"className\":\"\"} -->\n<div id=\"wp-block-themeisle-blocks-advanced-column-521869e8\" class=\"wp-block-themeisle-blocks-advanced-column\"><\/div>\n<!-- \/wp:themeisle-blocks\/advanced-column --><\/div><\/div>\n<!-- \/wp:themeisle-blocks\/advanced-columns -->\n\n<!-- wp:columns -->\n<div class=\"wp-block-columns\"><!-- wp:column {\"width\":\"30%\"} -->\n<div class=\"wp-block-column\" style=\"flex-basis:30%\"><\/div>\n<!-- \/wp:column -->\n\n<!-- wp:column {\"width\":\"100%\",\"otterConditions\":[]} -->\n<div class=\"wp-block-column\" style=\"flex-basis:100%\"><!-- wp:social-links {\"openInNewTab\":true,\"size\":\"has-normal-icon-size\",\"align\":\"center\",\"className\":\"is-style-default ticss-97e7eade\",\"layout\":{\"type\":\"flex\",\"justifyContent\":\"left\",\"orientation\":\"horizontal\"},\"hasCustomCSS\":true,\"customCSS\":\".ticss-97e7eade {\\n  padding-left: 10px !important;\\n}\\n\",\"otterConditions\":[]} -->\n<ul class=\"wp-block-social-links aligncenter has-normal-icon-size is-style-default ticss-97e7eade\"><!-- wp:social-link {\"url\":\"https:\/\/www.facebook.com\/cl4bio\",\"service\":\"facebook\"} \/-->\n\n<!-- wp:social-link {\"url\":\"https:\/\/www.youtube.com\/@projectcl4bio\",\"service\":\"youtube\"} \/-->\n\n<!-- wp:social-link {\"url\":\"https:\/\/twitter.com\/cl4bio\",\"service\":\"twitter\"} \/-->\n\n<!-- wp:social-link {\"url\":\"https:\/\/www.instagram.com\/cl4bio\/\",\"service\":\"instagram\"} \/-->\n\n<!-- wp:social-link {\"url\":\"https:\/\/www.linkedin.com\/groups\/9271321\/\",\"service\":\"linkedin\"} \/--><\/ul>\n<!-- \/wp:social-links -->\n\n<!-- wp:themeisle-blocks\/advanced-columns {\"id\":\"wp-block-themeisle-blocks-advanced-columns-6473965d\",\"columns\":1,\"layout\":\"equal\",\"className\":\"\",\"otterConditions\":[]} -->\n<div id=\"wp-block-themeisle-blocks-advanced-columns-6473965d\" class=\"wp-block-themeisle-blocks-advanced-columns has-1-columns has-desktop-equal-layout has-tablet-equal-layout has-mobile-equal-layout has-vertical-unset\"><div class=\"wp-block-themeisle-blocks-advanced-columns-overlay\"><\/div><div class=\"innerblocks-wrap\"><!-- wp:themeisle-blocks\/advanced-column {\"id\":\"wp-block-themeisle-blocks-advanced-column-97d09238\",\"paddingMobile\":{\"top\":\"20px\",\"right\":\"20px\",\"bottom\":\"20px\",\"left\":\"20px\"},\"border\":{},\"columnWidth\":\"100\",\"className\":\"\",\"otterConditions\":[]} -->\n<div id=\"wp-block-themeisle-blocks-advanced-column-97d09238\" class=\"wp-block-themeisle-blocks-advanced-column\"><!-- wp:heading {\"otterConditions\":[]} -->\n<h2>\ud83c\udf0d Introducing CL4Bio: The Exciting New Erasmus Project! \ud83c\udf31&nbsp;&nbsp;&nbsp;&nbsp;<\/h2>\n<!-- \/wp:heading -->\n\n<!-- wp:paragraph {\"otterConditions\":[]} -->\n<p>\ud83c\udf1f We&#8217;re thrilled to announce the launch of CL4Bio, an innovative Erasmus project that is set to revolutionize the training methodology and foster collaboration across borders! \ud83d\ude80<br>Creative Learning Method (CLM) is an innovative training methodology to ignite creativity and motivate people to intentional learning.<br>CL4Bio project&nbsp; intends to deliver bioeconomy courses through an easier and more appealing way.<br>Among academic disciplines, bioeconomy is a modern concept of economic and sustainable development, aimed at increasing economic efficiency through a more complete use of renewable environmental resources, meeting the needs of the population and lifestyles.<\/p>\n<!-- \/wp:paragraph -->\n\n<!-- wp:spacer {\"height\":\"39px\",\"otterConditions\":[]} -->\n<div style=\"height:39px\" aria-hidden=\"true\" class=\"wp-block-spacer\"><\/div>\n<!-- \/wp:spacer -->\n\n<!-- wp:columns {\"otterConditions\":[]} -->\n<div class=\"wp-block-columns\"><!-- wp:column {\"otterConditions\":[]} -->\n<div class=\"wp-block-column\"><!-- wp:image {\"id\":1118,\"sizeSlug\":\"full\",\"linkDestination\":\"custom\",\"otterConditions\":[]} -->\n<figure class=\"wp-block-image size-full\"><a href=\"https:\/\/docs.google.com\/forms\/d\/e\/1FAIpQLSeSAhTCvB9RoiKVa67qVffpomR2ZMztJRdX8lnLiafeQkRYFQ\/viewform\" target=\"_blank\" rel=\"noreferrer noopener\"><img fetchpriority=\"high\" decoding=\"async\" width=\"516\" height=\"200\" src=\"https:\/\/cl4bio.web.ua.pt\/wp-content\/uploads\/2023\/05\/form_ENG.png\" alt=\"\" class=\"wp-image-1118\" srcset=\"https:\/\/cl4bio.web.ua.pt\/wp-content\/uploads\/2023\/05\/form_ENG.png 516w, https:\/\/cl4bio.web.ua.pt\/wp-content\/uploads\/2023\/05\/form_ENG-300x116.png 300w\" sizes=\"(max-width: 516px) 100vw, 516px\" \/><\/a><\/figure>\n<!-- \/wp:image --><\/div>\n<!-- \/wp:column -->\n\n<!-- wp:column {\"otterConditions\":[]} -->\n<div class=\"wp-block-column\"><!-- wp:image {\"id\":1121,\"sizeSlug\":\"full\",\"linkDestination\":\"custom\",\"otterConditions\":[]} -->\n<figure class=\"wp-block-image size-full\"><a href=\"https:\/\/docs.google.com\/forms\/d\/e\/1FAIpQLScbjcfBUkXePMLYBz0Q51KnNcaY9vG07BTn5bRQTzyemUNxtA\/viewform\" target=\"_blank\" rel=\"noreferrer noopener\"><img decoding=\"async\" width=\"516\" height=\"200\" src=\"https:\/\/cl4bio.web.ua.pt\/wp-content\/uploads\/2023\/05\/form_PT.png\" alt=\"\" class=\"wp-image-1121\" srcset=\"https:\/\/cl4bio.web.ua.pt\/wp-content\/uploads\/2023\/05\/form_PT.png 516w, https:\/\/cl4bio.web.ua.pt\/wp-content\/uploads\/2023\/05\/form_PT-300x116.png 300w\" sizes=\"(max-width: 516px) 100vw, 516px\" \/><\/a><\/figure>\n<!-- \/wp:image --><\/div>\n<!-- \/wp:column --><\/div>\n<!-- \/wp:columns -->\n\n<!-- wp:columns {\"otterConditions\":[]} -->\n<div class=\"wp-block-columns\"><!-- wp:column {\"otterConditions\":[]} -->\n<div class=\"wp-block-column\"><!-- wp:paragraph {\"otterConditions\":[]} -->\n<p>This questionnaire aims to get to know the target audience of the Cl4Bio project: Creative Learning to Boost Bioeconomy in Higher Education Curricula. Please answer the questions honestly and accurately. The information collected will be used to improve the effectiveness of the project and adapt it to the needs of the participants. All your answers will be kept confidential and anonymous. The questionnaire includes questions about age, gender, profession, level of education, and location, as well as your knowledge and interest in bioeconomy and creative learning. <br><br>We appreciate your cooperation!<\/p>\n<!-- \/wp:paragraph --><\/div>\n<!-- \/wp:column -->\n\n<!-- wp:column {\"otterConditions\":[]} -->\n<div class=\"wp-block-column\"><!-- wp:paragraph {\"otterConditions\":[]} -->\n<p>Este question\u00e1rio tem como objetivo conhecer melhor o p\u00fablico-alvo do projeto Cl4Bio: Aprendizagem Criativa para Impulsionar a Bioeconomia nos Curr\u00edculos do Ensino Superior. As informa\u00e7\u00f5es recolhidas ser\u00e3o usadas para melhorar a efic\u00e1cia do projeto e adapt\u00e1-lo \u00e0s necessidades dos participantes. Todas as suas respostas ser\u00e3o mantidas confidenciais e an\u00f3nimas, e o seu preenchimento \u00e9 volunt\u00e1rio. Por favor, responda \u00e0s perguntas com sinceridade e precis\u00e3o.&nbsp;O question\u00e1rio inclui perguntas sobre idade, g\u00e9nero, profiss\u00e3o, n\u00edvel de educa\u00e7\u00e3o e localiza\u00e7\u00e3o, bem como sobre seu conhecimento e interesse em bioeconomia e aprendizagem criativa. <br><br>Agradecemos a sua colabora\u00e7\u00e3o!<\/p>\n<!-- \/wp:paragraph --><\/div>\n<!-- \/wp:column --><\/div>\n<!-- \/wp:columns -->\n\n<!-- wp:spacer {\"height\":\"82px\",\"otterConditions\":[]} -->\n<div style=\"height:82px\" aria-hidden=\"true\" class=\"wp-block-spacer\"><\/div>\n<!-- \/wp:spacer --><\/div>\n<!-- \/wp:themeisle-blocks\/advanced-column --><\/div><\/div>\n<!-- \/wp:themeisle-blocks\/advanced-columns --><\/div>\n<!-- \/wp:column -->\n\n<!-- wp:column {\"width\":\"30%\"} -->\n<div class=\"wp-block-column\" style=\"flex-basis:30%\"><\/div>\n<!-- \/wp:column --><\/div>\n<!-- \/wp:columns -->\n\n<!-- wp:themeisle-blocks\/advanced-columns {\"id\":\"wp-block-themeisle-blocks-advanced-columns-6121bb44\",\"columns\":3,\"layout\":\"equal\",\"layoutMobile\":\"collapsedRows\",\"padding\":{\"top\":\"20px\",\"right\":\"10px\",\"bottom\":\"20px\",\"left\":\"10px\"},\"paddingMobile\":{\"right\":\"20px\",\"left\":\"20px\"},\"margin\":{},\"columnsHeight\":\"custom\",\"columnsHeightCustom\":\"300px\",\"verticalAlign\":\"center\",\"backgroundColor\":\"var(\\u002d\\u002dnv-dark-bg)\",\"align\":\"full\",\"className\":\"has-dark-bg\"} -->\n<div id=\"wp-block-themeisle-blocks-advanced-columns-6121bb44\" class=\"wp-block-themeisle-blocks-advanced-columns alignfull has-3-columns has-desktop-equal-layout has-tablet-equal-layout has-mobile-collapsedRows-layout has-vertical-center has-dark-bg\"><div class=\"wp-block-themeisle-blocks-advanced-columns-overlay\"><\/div><div class=\"innerblocks-wrap\"><!-- wp:themeisle-blocks\/advanced-column {\"id\":\"wp-block-themeisle-blocks-advanced-column-5ec6093c\",\"columnWidth\":\"33.33\",\"className\":\"\"} -->\n<div id=\"wp-block-themeisle-blocks-advanced-column-5ec6093c\" class=\"wp-block-themeisle-blocks-advanced-column\"><!-- wp:themeisle-blocks\/font-awesome-icons {\"id\":\"wp-block-themeisle-blocks-font-awesome-icons-985c842c\",\"prefix\":\"fas\",\"icon\":\"project-diagram\",\"link\":\"https:\/\/cl4bio.web.ua.pt\/index.php\/project\/\",\"fontSize\":\"48px\",\"textColor\":\"var(\\u002d\\u002dnv-site-bg)\"} -->\n<div id=\"wp-block-themeisle-blocks-font-awesome-icons-985c842c\" class=\"wp-block-themeisle-blocks-font-awesome-icons\"><span class=\"wp-block-themeisle-blocks-font-awesome-icons-container\"><a href=\"https:\/\/cl4bio.web.ua.pt\/index.php\/project\/\" target=\"_self\" rel=\"noopener noreferrer\"><i class=\"fas fa-project-diagram\"><\/i><\/a><\/span><\/div>\n<!-- \/wp:themeisle-blocks\/font-awesome-icons -->\n\n<!-- wp:heading {\"textAlign\":\"center\",\"level\":3,\"textColor\":\"nv-site-bg\"} -->\n<h3 class=\"has-text-align-center has-nv-site-bg-color has-text-color\">Project<\/h3>\n<!-- \/wp:heading --><\/div>\n<!-- \/wp:themeisle-blocks\/advanced-column -->\n\n<!-- wp:themeisle-blocks\/advanced-column {\"id\":\"wp-block-themeisle-blocks-advanced-column-1baffb4d\",\"columnWidth\":\"33.33\",\"className\":\"\"} -->\n<div id=\"wp-block-themeisle-blocks-advanced-column-1baffb4d\" class=\"wp-block-themeisle-blocks-advanced-column\"><!-- wp:themeisle-blocks\/font-awesome-icons {\"id\":\"wp-block-themeisle-blocks-font-awesome-icons-45a32590\",\"prefix\":\"fas\",\"icon\":\"expand-arrows-alt\",\"link\":\"https:\/\/cl4bio.web.ua.pt\/index.php\/outputs\/\",\"fontSize\":\"48px\",\"textColor\":\"var(\\u002d\\u002dnv-site-bg)\"} -->\n<div id=\"wp-block-themeisle-blocks-font-awesome-icons-45a32590\" class=\"wp-block-themeisle-blocks-font-awesome-icons\"><span class=\"wp-block-themeisle-blocks-font-awesome-icons-container\"><a href=\"https:\/\/cl4bio.web.ua.pt\/index.php\/outputs\/\" target=\"_self\" rel=\"noopener noreferrer\"><i class=\"fas fa-expand-arrows-alt\"><\/i><\/a><\/span><\/div>\n<!-- \/wp:themeisle-blocks\/font-awesome-icons -->\n\n<!-- wp:heading {\"textAlign\":\"center\",\"level\":3,\"textColor\":\"nv-site-bg\"} -->\n<h3 class=\"has-text-align-center has-nv-site-bg-color has-text-color\">Outputs<\/h3>\n<!-- \/wp:heading --><\/div>\n<!-- \/wp:themeisle-blocks\/advanced-column -->\n\n<!-- wp:themeisle-blocks\/advanced-column {\"id\":\"wp-block-themeisle-blocks-advanced-column-1380868e\",\"columnWidth\":\"33.33\",\"className\":\"\"} -->\n<div id=\"wp-block-themeisle-blocks-advanced-column-1380868e\" class=\"wp-block-themeisle-blocks-advanced-column\"><!-- wp:themeisle-blocks\/font-awesome-icons {\"id\":\"wp-block-themeisle-blocks-font-awesome-icons-7f744c44\",\"prefix\":\"far\",\"icon\":\"calendar-alt\",\"link\":\"https:\/\/cl4bio.web.ua.pt\/index.php\/events\/\",\"fontSize\":\"48px\",\"textColor\":\"var(\\u002d\\u002dnv-site-bg)\"} -->\n<div id=\"wp-block-themeisle-blocks-font-awesome-icons-7f744c44\" class=\"wp-block-themeisle-blocks-font-awesome-icons\"><span class=\"wp-block-themeisle-blocks-font-awesome-icons-container\"><a href=\"https:\/\/cl4bio.web.ua.pt\/index.php\/events\/\" target=\"_self\" rel=\"noopener noreferrer\"><i class=\"far fa-calendar-alt\"><\/i><\/a><\/span><\/div>\n<!-- \/wp:themeisle-blocks\/font-awesome-icons -->\n\n<!-- wp:heading {\"textAlign\":\"center\",\"level\":3,\"textColor\":\"nv-site-bg\"} -->\n<h3 class=\"has-text-align-center has-nv-site-bg-color has-text-color\">Events<\/h3>\n<!-- \/wp:heading --><\/div>\n<!-- \/wp:themeisle-blocks\/advanced-column --><\/div><\/div>\n<!-- \/wp:themeisle-blocks\/advanced-columns -->\n\n<!-- wp:columns -->\n<div class=\"wp-block-columns\"><!-- wp:column {\"width\":\"25%\"} -->\n<div class=\"wp-block-column\" style=\"flex-basis:25%\"><\/div>\n<!-- \/wp:column -->\n\n<!-- wp:column {\"width\":\"50%\"} -->\n<div class=\"wp-block-column\" style=\"flex-basis:50%\"><!-- wp:spacer -->\n<div style=\"height:100px\" aria-hidden=\"true\" class=\"wp-block-spacer\"><\/div>\n<!-- \/wp:spacer -->\n\n<!-- wp:shortcode -->\n<script>(function() {\n\twindow.mc4wp = window.mc4wp || {\n\t\tlisteners: [],\n\t\tforms: {\n\t\t\ton: function(evt, cb) {\n\t\t\t\twindow.mc4wp.listeners.push(\n\t\t\t\t\t{\n\t\t\t\t\t\tevent   : evt,\n\t\t\t\t\t\tcallback: cb\n\t\t\t\t\t}\n\t\t\t\t);\n\t\t\t}\n\t\t}\n\t}\n})();\n<\/script><!-- Mailchimp for WordPress v4.9.6 - https:\/\/wordpress.org\/plugins\/mailchimp-for-wp\/ --><form id=\"mc4wp-form-1\" class=\"mc4wp-form mc4wp-form-1471 mc4wp-form-theme mc4wp-form-theme-dark\" method=\"post\" data-id=\"1471\" data-name=\"Newsletter\" ><div class=\"mc4wp-form-fields\"><h3>Subscribe our Newsletter!\ud83d\ude80\ud83c\udf31<\/h3>\r\n<p>\r\n\t<label>\ud83c\udf1fe-mail: \r\n\t\t<input type=\"email\" name=\"EMAIL\" placeholder=\"Your e-mail address...\" required \/>\r\n<\/label>\r\n<\/p>\r\n\r\n<p>\r\n\t<input type=\"submit\" value=\"Subscribe \ud83c\udf0d\"\/>\r\n<\/p><\/div><label style=\"display: none !important;\">Leave this field empty if you&#8217;re human: <input type=\"text\" name=\"_mc4wp_honeypot\" value=\"\" tabindex=\"-1\" autocomplete=\"off\" \/><\/label><input type=\"hidden\" name=\"_mc4wp_timestamp\" value=\"1776257904\" \/><input type=\"hidden\" name=\"_mc4wp_form_id\" value=\"1471\" \/><input type=\"hidden\" name=\"_mc4wp_form_element_id\" value=\"mc4wp-form-1\" \/><div class=\"mc4wp-response\"><\/div><\/form><!-- \/ Mailchimp for WordPress Plugin -->\n<!-- \/wp:shortcode -->\n\n<!-- wp:social-links {\"openInNewTab\":true,\"size\":\"has-normal-icon-size\",\"align\":\"center\",\"className\":\"is-style-default ticss-97e7eade\",\"layout\":{\"type\":\"flex\",\"justifyContent\":\"left\",\"orientation\":\"horizontal\"},\"hasCustomCSS\":true,\"customCSS\":\".ticss-97e7eade {\\n  padding-left: 10px !important;\\n}\\n\",\"otterConditions\":[]} -->\n<ul class=\"wp-block-social-links aligncenter has-normal-icon-size is-style-default ticss-97e7eade\"><!-- wp:social-link {\"url\":\"https:\/\/www.facebook.com\/cl4bio\",\"service\":\"facebook\"} \/-->\n\n<!-- wp:social-link {\"url\":\"https:\/\/www.youtube.com\/@projectcl4bio\",\"service\":\"youtube\"} \/-->\n\n<!-- wp:social-link {\"url\":\"https:\/\/twitter.com\/cl4bio\",\"service\":\"twitter\"} \/-->\n\n<!-- wp:social-link {\"url\":\"https:\/\/www.instagram.com\/cl4bio\/\",\"service\":\"instagram\"} \/-->\n\n<!-- wp:social-link {\"url\":\"https:\/\/www.linkedin.com\/groups\/9271321\/\",\"service\":\"linkedin\"} \/--><\/ul>\n<!-- \/wp:social-links --><\/div>\n<!-- \/wp:column -->\n\n<!-- wp:column {\"width\":\"25%\"} -->\n<div class=\"wp-block-column\" style=\"flex-basis:25%\"><\/div>\n<!-- \/wp:column --><\/div>\n<!-- \/wp:columns -->\n\n<!-- wp:columns -->\n<div class=\"wp-block-columns\"><!-- wp:column {\"width\":\"100%\"} -->\n<div class=\"wp-block-column\" style=\"flex-basis:100%\"><\/div>\n<!-- \/wp:column --><\/div>\n<!-- \/wp:columns -->\t\t\t\t\t\t<\/div>\n\t\t\t\t<\/div>\n\t\t\t\t\t<\/div>\n\t\t\t\t<\/div>\n\t\t\t\t\t\t\t<\/div>\n\t\t","protected":false},"excerpt":{"rendered":"<p>Find out more about our materials:<\/p>\n","protected":false},"author":7,"featured_media":0,"parent":0,"menu_order":0,"comment_status":"closed","ping_status":"closed","template":"","meta":{"_mi_skip_tracking":false,"neve_meta_sidebar":"","neve_meta_container":"full-width","neve_meta_enable_content_width":"off","neve_meta_content_width":70,"neve_meta_title_alignment":"","neve_meta_author_avatar":"","neve_post_elements_order":"","neve_meta_disable_header":"off","neve_meta_disable_footer":"","neve_meta_disable_title":"on","_themeisle_gutenberg_block_has_review":false,"_ti_tpc_template_sync":false,"_ti_tpc_template_id":""},"_links":{"self":[{"href":"https:\/\/cl4bio.web.ua.pt\/index.php\/wp-json\/wp\/v2\/pages\/4461"}],"collection":[{"href":"https:\/\/cl4bio.web.ua.pt\/index.php\/wp-json\/wp\/v2\/pages"}],"about":[{"href":"https:\/\/cl4bio.web.ua.pt\/index.php\/wp-json\/wp\/v2\/types\/page"}],"author":[{"embeddable":true,"href":"https:\/\/cl4bio.web.ua.pt\/index.php\/wp-json\/wp\/v2\/users\/7"}],"replies":[{"embeddable":true,"href":"https:\/\/cl4bio.web.ua.pt\/index.php\/wp-json\/wp\/v2\/comments?post=4461"}],"version-history":[{"count":28,"href":"https:\/\/cl4bio.web.ua.pt\/index.php\/wp-json\/wp\/v2\/pages\/4461\/revisions"}],"predecessor-version":[{"id":6251,"href":"https:\/\/cl4bio.web.ua.pt\/index.php\/wp-json\/wp\/v2\/pages\/4461\/revisions\/6251"}],"wp:attachment":[{"href":"https:\/\/cl4bio.web.ua.pt\/index.php\/wp-json\/wp\/v2\/media?parent=4461"}],"curies":[{"name":"wp","href":"https:\/\/api.w.org\/{rel}","templated":true}]}}